{"id":148,"date":"2020-11-01T20:19:43","date_gmt":"2020-11-01T19:19:43","guid":{"rendered":"https:\/\/kinesiologieanimaliere.wordpress.com\/?page_id=148"},"modified":"2022-05-04T10:41:50","modified_gmt":"2022-05-04T08:41:50","slug":"articles","status":"publish","type":"page","link":"https:\/\/unemainpoursoi.fr\/index.php\/articles\/","title":{"rendered":"Articles"},"content":{"rendered":"<div id=\"wppb-builder-container\" class=\"wppb-builder-container\">                <div  class=\"wppb-row-parent  wppb-row-1651654614432 \"  >\n\t\t\t\t\t\n\t\t\t\t\t\t\t\t\t\t\n\t\t\t\t\t\t\t\t\t\t\n\t\t\t\t\t<div class=\"wppb-container \">\n\t\t\t\t\t\t\t\t\t\t\t\t\t\n                        <div class=\"wppb-row\">\n\t\t\t\t\t\t\t                                    <div  class=\"wppb-column-parent wppb-column-parent-view wppb-col-1651654614431  \"  >\n                                        <div class=\"wppb-column\">\n\t\t\t\t\t\n\t\t\t\t\t\t\t\t\t\t\t\n                                            <div class=\"wppb-builder-addons\">\n\t\t\t\t\t\t\t\t\t\t\t\t<div class='wppb-builder-addon wppb-addon-1651654702131'  data-addon-id='1651654702131'><div class='wppb-addon'><div class=\"wppb-text-block-addon\"><div class=\"wppb-text-block-content 0\"><h3><strong>Je vous partage ici des articles, des vid\u00e9os et des reportages concernant la Kin\u00e9siologie.<\/strong><\/h3>\n<h3><strong>Bonne lecture !!!<\/strong><\/h3><\/div><\/div><\/div><\/div>                                            <\/div>\n                                        <\/div>\n                                    <\/div>\n\t\t\t\t\t\t\t\t\t                        <\/div>\n\n                    <\/div>\n                <\/div>\n\t\t\t\t                <div  class=\"wppb-row-parent  wppb-row-1651654614434 \"  >\n\t\t\t\t\t\n\t\t\t\t\t\t\t\t\t\t\n\t\t\t\t\t\t\t\t\t\t\n\t\t\t\t\t<div class=\"wppb-container \">\n\t\t\t\t\t\t\t\t\t\t\t\t\t\n                        <div class=\"wppb-row\">\n\t\t\t\t\t\t\t                                    <div  class=\"wppb-column-parent wppb-column-parent-view wppb-col-1651654614433  \"  >\n                                        <div class=\"wppb-column\">\n\t\t\t\t\t\n\t\t\t\t\t\t\t\t\t\t\t\n                                            <div class=\"wppb-builder-addons\">\n\t\t\t\t\t\t\t\t\t\t\t\t<div class='wppb-builder-addon wppb-addon-1651654810550'  data-addon-id='1651654810550'><div class='wppb-addon'><div class=\"wppb-image-addon\"><figure class=\"wppb-image-addon-content-wrap\"><div class=\"wppb-image-addon-content wppb-imginlineblock\"><img decoding=\"async\" class=\"wppb-image-addon-img\" src=\"https:\/\/unemainpoursoi.fr\/wp-content\/uploads\/2022\/01\/screenshot_20210922-084551_instagram.jpg\" alt=\"Image\"><\/div><figcaption class=\"wppb-addon-image-caption\">Journal Nice Matin Avril 2019<\/figcaption><\/figure><\/div><\/div><\/div>                                            <\/div>\n                                        <\/div>\n                                    <\/div>\n\t\t\t\t\t\t\t\t\t                        <\/div>\n\n                    <\/div>\n                <\/div>\n\t\t\t\t                <div  class=\"wppb-row-parent  wppb-row-1651657564231 \"  >\n\t\t\t\t\t\n\t\t\t\t\t\t\t\t\t\t\n\t\t\t\t\t\t\t\t\t\t\n\t\t\t\t\t<div class=\"wppb-container \">\n\t\t\t\t\t\t\t\t\t\t\t\t\t\n                        <div class=\"wppb-row\">\n\t\t\t\t\t\t\t                                    <div  class=\"wppb-column-parent wppb-column-parent-view wppb-col-1651657564230  \"  >\n                                        <div class=\"wppb-column\">\n\t\t\t\t\t\n\t\t\t\t\t\t\t\t\t\t\t\n                                            <div class=\"wppb-builder-addons\">\n\t\t\t\t\t\t\t\t\t\t\t\t<div class='wppb-builder-addon wppb-addon-1651662675398'  data-addon-id='1651662675398'><div class='wppb-addon'><div class=\"wppb-text-block-addon\"><div class=\"wppb-text-block-content 0\"><p><strong>T\u00e9l\u00e9charger l'article<\/strong> <a href=\"https:\/\/unemainpoursoi.fr\/wp-content\/uploads\/2022\/05\/JournalNice-Matin.pdf\">https:\/\/unemainpoursoi.fr\/wp-content\/uploads\/2022\/05\/JournalNice-Matin.pdf<\/a><\/p><\/div><\/div><\/div><\/div>                                            <\/div>\n                                        <\/div>\n                                    <\/div>\n\t\t\t\t\t\t\t\t\t                        <\/div>\n\n                    <\/div>\n                <\/div>\n\t\t\t\t                <div  class=\"wppb-row-parent  wppb-row-1651654614436 \"  >\n\t\t\t\t\t\n\t\t\t\t\t\t\t\t\t\t\n\t\t\t\t\t\t\t\t\t\t\n\t\t\t\t\t<div class=\"wppb-container \">\n\t\t\t\t\t\t\t\t\t\t\t\t\t\n                        <div class=\"wppb-row\">\n\t\t\t\t\t\t\t                                    <div  class=\"wppb-column-parent wppb-column-parent-view wppb-col-1651654614435  \"  >\n                                        <div class=\"wppb-column\">\n\t\t\t\t\t\n\t\t\t\t\t\t\t\t\t\t\t\n                                            <div class=\"wppb-builder-addons\">\n\t\t\t\t\t\t\t\t\t\t\t\t<div class='wppb-builder-addon wppb-addon-1651654902113'  data-addon-id='1651654902113'><div class='wppb-addon'><div class=\"wppb-image-addon\"><figure class=\"wppb-image-addon-content-wrap\"><div class=\"wppb-image-addon-content wppb-imginlineblock\"><img decoding=\"async\" class=\"wppb-image-addon-img\" src=\"https:\/\/unemainpoursoi.fr\/wp-content\/uploads\/2022\/01\/screenshot_20220130-192439_samsung-internet-2.jpg\" alt=\"Image\"><\/div><figcaption class=\"wppb-addon-image-caption\">Magasine Elle<\/figcaption><\/figure><\/div><\/div><\/div>                                            <\/div>\n                                        <\/div>\n                                    <\/div>\n\t\t\t\t\t\t\t\t\t                        <\/div>\n\n                    <\/div>\n                <\/div>\n\t\t\t\t                <div  class=\"wppb-row-parent  wppb-row-1651657564309 \"  >\n\t\t\t\t\t\n\t\t\t\t\t\t\t\t\t\t\n\t\t\t\t\t\t\t\t\t\t\n\t\t\t\t\t<div class=\"wppb-container \">\n\t\t\t\t\t\t\t\t\t\t\t\t\t\n                        <div class=\"wppb-row\">\n\t\t\t\t\t\t\t                                    <div  class=\"wppb-column-parent wppb-column-parent-view wppb-col-1651657564308  \"  >\n                                        <div class=\"wppb-column\">\n\t\t\t\t\t\n\t\t\t\t\t\t\t\t\t\t\t\n                                            <div class=\"wppb-builder-addons\">\n\t\t\t\t\t\t\t\t\t\t\t\t<div class='wppb-builder-addon wppb-addon-1651657954024'  data-addon-id='1651657954024'><div class='wppb-addon'><div class=\"wppb-text-block-addon\"><div class=\"wppb-text-block-content 0\"><p><strong>T\u00e9l\u00e9charger l'article <\/strong><a href=\"https:\/\/unemainpoursoi.fr\/wp-content\/uploads\/2022\/05\/Magasin-Elle.pdf\">https:\/\/unemainpoursoi.fr\/wp-content\/uploads\/2022\/05\/Magasin-Elle.pdf<\/a><\/p><\/div><\/div><\/div><\/div>                                            <\/div>\n                                        <\/div>\n                                    <\/div>\n\t\t\t\t\t\t\t\t\t                        <\/div>\n\n                    <\/div>\n                <\/div>\n\t\t\t\t                <div  class=\"wppb-row-parent  wppb-row-1651654614438 \"  >\n\t\t\t\t\t\n\t\t\t\t\t\t\t\t\t\t\n\t\t\t\t\t\t\t\t\t\t\n\t\t\t\t\t<div class=\"wppb-container \">\n\t\t\t\t\t\t\t\t\t\t\t\t\t\n                        <div class=\"wppb-row\">\n\t\t\t\t\t\t\t                                    <div  class=\"wppb-column-parent wppb-column-parent-view wppb-col-1651654614437  \"  >\n                                        <div class=\"wppb-column\">\n\t\t\t\t\t\n\t\t\t\t\t\t\t\t\t\t\t\n                                            <div class=\"wppb-builder-addons\">\n\t\t\t\t\t\t\t\t\t\t\t\t<div class='wppb-builder-addon wppb-addon-1651654957443'  data-addon-id='1651654957443'><div class='wppb-addon'><div class=\"wppb-image-addon\"><figure class=\"wppb-image-addon-content-wrap\"><div class=\"wppb-image-addon-content wppb-imginlineblock\"><img decoding=\"async\" class=\"wppb-image-addon-img\" src=\"https:\/\/unemainpoursoi.fr\/wp-content\/uploads\/2022\/01\/screenshot_20220130-192149_adobe-acrobat.jpg\" alt=\"Image\"><\/div><figcaption class=\"wppb-addon-image-caption\">Cheval Pratique Mars 2017<\/figcaption><\/figure><\/div><\/div><\/div>                                            <\/div>\n                                        <\/div>\n                                    <\/div>\n\t\t\t\t\t\t\t\t\t                        <\/div>\n\n                    <\/div>\n                <\/div>\n\t\t\t\t                <div  class=\"wppb-row-parent  wppb-row-1651662661165 \"  >\n\t\t\t\t\t\n\t\t\t\t\t\t\t\t\t\t\n\t\t\t\t\t\t\t\t\t\t\n\t\t\t\t\t<div class=\"wppb-container \">\n\t\t\t\t\t\t\t\t\t\t\t\t\t\n                        <div class=\"wppb-row\">\n\t\t\t\t\t\t\t                                    <div  class=\"wppb-column-parent wppb-column-parent-view wppb-col-1651662661164  \"  >\n                                        <div class=\"wppb-column\">\n\t\t\t\t\t\n\t\t\t\t\t\t\t\t\t\t\t\n                                            <div class=\"wppb-builder-addons\">\n\t\t\t\t\t\t\t\t\t\t\t\t<div class='wppb-builder-addon wppb-addon-1651662993682'  data-addon-id='1651662993682'><div class='wppb-addon'><div class=\"wppb-text-block-addon\"><div class=\"wppb-text-block-content 0\"><p><strong>T\u00e9l\u00e9charger les articles <\/strong><\/p>\n<p><a href=\"https:\/\/unemainpoursoi.fr\/wp-content\/uploads\/2022\/05\/Chevalpratique-1.pdf\" data-wplink-edit=\"true\">https:\/\/unemainpoursoi.fr\/wp-content\/uploads\/2022\/05\/Chevalpratique-1.pdf \u00a0 \u00a0\u00a0 <\/a><a href=\"https:\/\/unemainpoursoi.fr\/wp-content\/uploads\/2022\/05\/Cheval-pratique-2.pdf\">https:\/\/unemainpoursoi.fr\/wp-content\/uploads\/2022\/05\/Cheval-pratique-2.pdf<\/a><\/p><\/div><\/div><\/div><\/div>                                            <\/div>\n                                        <\/div>\n                                    <\/div>\n\t\t\t\t\t\t\t\t\t                        <\/div>\n\n                    <\/div>\n                <\/div>\n\t\t\t\t                <div  class=\"wppb-row-parent  wppb-row-1651654614440 \"  >\n\t\t\t\t\t\n\t\t\t\t\t\t\t\t\t\t\n\t\t\t\t\t\t\t\t\t\t\n\t\t\t\t\t<div class=\"wppb-container \">\n\t\t\t\t\t\t\t\t\t\t\t\t\t\n                        <div class=\"wppb-row\">\n\t\t\t\t\t\t\t                                    <div  class=\"wppb-column-parent wppb-column-parent-view wppb-col-1651654614439  \"  >\n                                        <div class=\"wppb-column\">\n\t\t\t\t\t\n\t\t\t\t\t\t\t\t\t\t\t\n                                            <div class=\"wppb-builder-addons\">\n\t\t\t\t\t\t\t\t\t\t\t\t<div class='wppb-builder-addon wppb-addon-1651655076931'  data-addon-id='1651655076931'><div class='wppb-addon'><div class=\"wppb-image-addon\"><figure class=\"wppb-image-addon-content-wrap\"><div class=\"wppb-image-addon-content wppb-imginlineblock\"><img decoding=\"async\" class=\"wppb-image-addon-img\" src=\"https:\/\/unemainpoursoi.fr\/wp-content\/uploads\/2022\/01\/screenshot_20220130-192221_adobe-acrobat.jpg\" alt=\"Image\"><\/div><figcaption class=\"wppb-addon-image-caption\">Suite article Cheval Pratique Mars 2017<\/figcaption><\/figure><\/div><\/div><\/div>                                            <\/div>\n                                        <\/div>\n                                    <\/div>\n\t\t\t\t\t\t\t\t\t                        <\/div>\n\n                    <\/div>\n                <\/div>\n\t\t\t\t                <div  class=\"wppb-row-parent  wppb-row-1651662661265 \"  >\n\t\t\t\t\t\n\t\t\t\t\t\t\t\t\t\t\n\t\t\t\t\t\t\t\t\t\t\n\t\t\t\t\t<div class=\"wppb-container \">\n\t\t\t\t\t\t\t\t\t\t\t\t\t\n                        <div class=\"wppb-row\">\n\t\t\t\t\t\t\t                                    <div  class=\"wppb-column-parent wppb-column-parent-view wppb-col-1651662661264  \"  >\n                                        <div class=\"wppb-column\">\n\t\t\t\t\t\n\t\t\t\t\t\t\t\t\t\t\t\n                                            <div class=\"wppb-builder-addons\">\n\t\t\t\t\t\t\t\t\t\t\t\t<div class='wppb-builder-addon wppb-addon-1651663256794'  data-addon-id='1651663256794'><div class='wppb-addon'><div class=\"wppb-text-block-addon\"><div class=\"wppb-text-block-content 0\"><p><a href=\"https:\/\/unemainpoursoi.fr\/wp-content\/uploads\/2022\/05\/Chevalpratique-1.pdf\">https:\/\/unemainpoursoi.fr\/wp-content\/uploads\/2022\/05\/Chevalpratique-1.pdf <\/a><a href=\"https:\/\/unemainpoursoi.fr\/wp-content\/uploads\/2022\/05\/Cheval-pratique-2.pdf\">https:\/\/unemainpoursoi.fr\/wp-content\/uploads\/2022\/05\/Cheval-pratique-2.pdf<\/a><\/p><\/div><\/div><\/div><\/div>                                            <\/div>\n                                        <\/div>\n                                    <\/div>\n\t\t\t\t\t\t\t\t\t                        <\/div>\n\n                    <\/div>\n                <\/div>\n\t\t\t\t<\/div>","protected":false},"excerpt":{"rendered":"<p>Je vous partage ici des articles, des vid\u00e9os et des reportages concernant la Kin\u00e9siologie. Bonne lecture !!! Journal Nice Matin Avril 2019 T\u00e9l\u00e9charger l&rsquo;article https:\/\/unemainpoursoi.fr\/wp-content\/uploads\/2022\/05\/JournalNice-Matin.pdf Magasine Elle T\u00e9l\u00e9charger l&rsquo;article https:\/\/unemainpoursoi.fr\/wp-content\/uploads\/2022\/05\/Magasin-Elle.pdf Cheval Pratique Mars 2017 T\u00e9l\u00e9charger les articles https:\/\/unemainpoursoi.fr\/wp-content\/uploads\/2022\/05\/Chevalpratique-1.pdf \u00a0 \u00a0\u00a0 https:\/\/unemainpoursoi.fr\/wp-content\/uploads\/2022\/05\/Cheval-pratique-2.pdf Suite article Cheval Pratique Mars 2017 https:\/\/unemainpoursoi.fr\/wp-content\/uploads\/2022\/05\/Chevalpratique-1.pdf https:\/\/unemainpoursoi.fr\/wp-content\/uploads\/2022\/05\/Cheval-pratique-2.pdf<\/p>\n","protected":false},"author":1,"featured_media":0,"parent":0,"menu_order":0,"comment_status":"closed","ping_status":"closed","template":"","meta":{"footnotes":""},"class_list":["post-148","page","type-page","status-publish","hentry","without-featured-image"],"_links":{"self":[{"href":"https:\/\/unemainpoursoi.fr\/index.php\/wp-json\/wp\/v2\/pages\/148","targetHints":{"allow":["GET"]}}],"collection":[{"href":"https:\/\/unemainpoursoi.fr\/index.php\/wp-json\/wp\/v2\/pages"}],"about":[{"href":"https:\/\/unemainpoursoi.fr\/index.php\/wp-json\/wp\/v2\/types\/page"}],"author":[{"embeddable":true,"href":"https:\/\/unemainpoursoi.fr\/index.php\/wp-json\/wp\/v2\/users\/1"}],"replies":[{"embeddable":true,"href":"https:\/\/unemainpoursoi.fr\/index.php\/wp-json\/wp\/v2\/comments?post=148"}],"version-history":[{"count":3,"href":"https:\/\/unemainpoursoi.fr\/index.php\/wp-json\/wp\/v2\/pages\/148\/revisions"}],"predecessor-version":[{"id":573,"href":"https:\/\/unemainpoursoi.fr\/index.php\/wp-json\/wp\/v2\/pages\/148\/revisions\/573"}],"wp:attachment":[{"href":"https:\/\/unemainpoursoi.fr\/index.php\/wp-json\/wp\/v2\/media?parent=148"}],"curies":[{"name":"wp","href":"https:\/\/api.w.org\/{rel}","templated":true}]}}