{"id":482,"date":"2022-03-05T21:42:25","date_gmt":"2022-03-05T20:42:25","guid":{"rendered":"https:\/\/unemainpoursoi.fr\/?page_id=482"},"modified":"2022-03-05T21:42:25","modified_gmt":"2022-03-05T20:42:25","slug":"les-outils","status":"publish","type":"page","link":"https:\/\/unemainpoursoi.fr\/index.php\/les-outils\/","title":{"rendered":"Les Outils"},"content":{"rendered":"<div id=\"wppb-builder-container\" class=\"wppb-builder-container\">                <div  class=\"wppb-row-parent \"  >\n\t\t\t\t\t\n\t\t\t\t\t\t\t\t\t\t\n\t\t\t\t\t\t\t\t\t\t\n\t\t\t\t\t<div class=\"wppb-container  wppb-row-1646503245294  wppb-container-row-default\">\n\t\t\t\t\t\t\t\t\t\t\t\t\t\n                        <div class=\"wppb-row\">\n\t\t\t\t\t\t\t                                    <div  class=\"wppb-column-parent wppb-column-parent-view wppb-col-1646503245295  \"  >\n                                        <div class=\"wppb-column\">\n\t\t\t\t\t\n\t\t\t\t\t\t\t\t\t\t\t\n                                            <div class=\"wppb-builder-addons\">\n\t\t\t\t\t\t\t\t\t\t\t\t<div class='wppb-builder-addon wppb-addon-1646503245296'  data-addon-id='1646503245296'><div class='wppb-addon'><div class=\"wppb-feature-box-addon\"><div class=\"wppb-feature-box-content\"><h3 class=\"wppb-feature-box-title\">Les outils<\/h3><h2 class=\"wppb-feature-box-subtitle\">a volont\u00e9<\/h2><div class=\"wppb-feature-box-intro\">A mon sens, il est important de pouvoir travailler sur soi et sur ce qui vous \"touche\". Voici une petite liste d'outils \u00e0 utiliser \u00e0 volont\u00e9 d\u00e8s que vous en ressentez le besoin. Laisser un bien \u00eatre vous envahir au fur et \u00e0 mesure de vos lib\u00e9rations. Ces outils ne remplacent pas une s\u00e9ance mais vous aide \u00e0 progresser en parall\u00e8le. Belles lib\u00e9rations.<\/div><\/div><\/div><\/div><\/div>                                            <\/div>\n                                        <\/div>\n                                    <\/div>\n\t\t\t\t\t\t\t\t\t                                    <div  class=\"wppb-column-parent wppb-column-parent-view wppb-col-1646503245297  \"  >\n                                        <div class=\"wppb-column\">\n\t\t\t\t\t\n\t\t\t\t\t\t\t\t\t\t\t\n                                            <div class=\"wppb-builder-addons\">\n\t\t\t\t\t\t\t\t\t\t\t\t<div class='wppb-builder-addon wppb-addon-1646503245298'  data-addon-id='1646503245298'><div class='wppb-addon'><div class=\"wppb-image-addon\"><figure class=\"wppb-image-addon-content-wrap\"><div class=\"wppb-image-addon-content wppb-imginlineblock\"><a rel=nofolow href=\"#\" target=_blank><img decoding=\"async\" class=\"wppb-image-addon-img\" src=\"https:\/\/unemainpoursoi.fr\/wp-content\/uploads\/2022\/03\/joy-2483926__340.webp\" alt=\"Image\"><\/a><\/div><\/figure><\/div><\/div><\/div>                                            <\/div>\n                                        <\/div>\n                                    <\/div>\n\t\t\t\t\t\t\t\t\t                        <\/div>\n\n                    <\/div>\n                <\/div>\n\t\t\t\t                <div  class=\"wppb-row-parent \"  >\n\t\t\t\t\t\n\t\t\t\t\t\t\t\t\t\t\n\t\t\t\t\t\t\t\t\t\t\n\t\t\t\t\t<div class=\"wppb-container  wppb-row-1646503245312  wppb-container-row-default\">\n\t\t\t\t\t\t\t\t\t\t\t\t\t\n                        <div class=\"wppb-row\">\n\t\t\t\t\t\t\t                                    <div  class=\"wppb-column-parent wppb-column-parent-view wppb-col-1646503245313  \"  >\n                                        <div class=\"wppb-column\">\n\t\t\t\t\t\n\t\t\t\t\t\t\t\t\t\t\t\n                                            <div class=\"wppb-builder-addons\">\n\t\t\t\t\t\t\t\t\t\t\t\t<div class='wppb-builder-addon wppb-addon-1646503245314'  data-addon-id='1646503245314'><div class='wppb-addon'><div class=\"wppb-image-addon\"><figure class=\"wppb-image-addon-content-wrap\"><div class=\"wppb-image-addon-content wppb-imginlineblock\"><img decoding=\"async\" class=\"wppb-image-addon-img\" src=\"https:\/\/unemainpoursoi.fr\/wp-content\/uploads\/2022\/03\/Liste-de-compliments.png\" alt=\"Image\"><\/div><\/figure><\/div><\/div><\/div>                                            <\/div>\n                                        <\/div>\n                                    <\/div>\n\t\t\t\t\t\t\t\t\t                                    <div  class=\"wppb-column-parent wppb-column-parent-view wppb-col-1646503245315  \"  >\n                                        <div class=\"wppb-column\">\n\t\t\t\t\t\n\t\t\t\t\t\t\t\t\t\t\t\n                                            <div class=\"wppb-builder-addons\">\n\t\t\t\t\t\t\t\t\t\t\t\t<div class='wppb-builder-addon wppb-addon-1646503245316'  data-addon-id='1646503245316'><div class='wppb-addon'><div class=\"wppb-feature-box-addon\"><div class=\"wppb-feature-box-content\"><h3 class=\"wppb-feature-box-title\">Le pot<\/h3><h4 class=\"wppb-feature-box-subtitle\">Des compliments<\/h4><div class=\"wppb-feature-box-intro\">Cr\u00e9ez vous-m\u00eame votre pot des compliments \u00e0 ouvrir tous les jours.<\/div><a target=_blank href=\"https:\/\/unemainpoursoi.fr\/index.php\/le-pot-des-compliments\/\"  class=\"wppb-btn-addons \"><span>Lire<\/span><\/a><\/div><\/div><\/div><\/div>                                            <\/div>\n                                        <\/div>\n                                    <\/div>\n\t\t\t\t\t\t\t\t\t                        <\/div>\n\n                    <\/div>\n                <\/div>\n\t\t\t\t                <div  class=\"wppb-row-parent \"  >\n\t\t\t\t\t\n\t\t\t\t\t\t\t\t\t\t\n\t\t\t\t\t\t\t\t\t\t\n\t\t\t\t\t<div class=\"wppb-container  wppb-row-1646503245317  wppb-container-row-default\">\n\t\t\t\t\t\t\t\t\t\t\t\t\t\n                        <div class=\"wppb-row\">\n\t\t\t\t\t\t\t                                    <div  class=\"wppb-column-parent wppb-column-parent-view wppb-col-1646503245318  \"  >\n                                        <div class=\"wppb-column\">\n\t\t\t\t\t\n\t\t\t\t\t\t\t\t\t\t\t\n                                            <div class=\"wppb-builder-addons\">\n\t\t\t\t\t\t\t\t\t\t\t\t<div class='wppb-builder-addon wppb-addon-1646503245319'  data-addon-id='1646503245319'><div class='wppb-addon'><div class=\"wppb-feature-box-addon\"><div class=\"wppb-feature-box-content\"><h1 class=\"wppb-feature-box-title\">Les bonhommes<\/h1><h1 class=\"wppb-feature-box-subtitle\">allumettes<\/h1><div class=\"wppb-feature-box-intro\">Il s'agit d'une technique pour couper les \u00e9motions ou les liens n\u00e9gatifs avec une personne ou une situation.<\/div><a target=_blank href=\"https:\/\/unemainpoursoi.fr\/index.php\/les-bonhommes-allumettes\/\"  class=\"wppb-btn-addons \"><span>Lire<\/span><\/a><\/div><\/div><\/div><\/div>                                            <\/div>\n                                        <\/div>\n                                    <\/div>\n\t\t\t\t\t\t\t\t\t                                    <div  class=\"wppb-column-parent wppb-column-parent-view wppb-col-1646503245320  \"  >\n                                        <div class=\"wppb-column\">\n\t\t\t\t\t\n\t\t\t\t\t\t\t\t\t\t\t\n                                            <div class=\"wppb-builder-addons\">\n\t\t\t\t\t\t\t\t\t\t\t\t<div class='wppb-builder-addon wppb-addon-1646503245321'  data-addon-id='1646503245321'><div class='wppb-addon'><div class=\"wppb-image-addon\"><figure class=\"wppb-image-addon-content-wrap\"><div class=\"wppb-image-addon-content wppb-imginlineblock\"><img decoding=\"async\" class=\"wppb-image-addon-img\" src=\"https:\/\/unemainpoursoi.fr\/wp-content\/uploads\/2022\/03\/Bonhommes-allumettes.png\" alt=\"Image\"><\/div><\/figure><\/div><\/div><\/div>                                            <\/div>\n                                        <\/div>\n                                    <\/div>\n\t\t\t\t\t\t\t\t\t                        <\/div>\n\n                    <\/div>\n                <\/div>\n\t\t\t\t                <div  class=\"wppb-row-parent \"  >\n\t\t\t\t\t\n\t\t\t\t\t\t\t\t\t\t\n\t\t\t\t\t\t\t\t\t\t\n\t\t\t\t\t<div class=\"wppb-container  wppb-row-1646503247011  wppb-container-row-default\">\n\t\t\t\t\t\t\t\t\t\t\t\t\t\n                        <div class=\"wppb-row\">\n\t\t\t\t\t\t\t                                    <div  class=\"wppb-column-parent wppb-column-parent-view wppb-col-1646503247012  \"  >\n                                        <div class=\"wppb-column\">\n\t\t\t\t\t\n\t\t\t\t\t\t\t\t\t\t\t\n                                            <div class=\"wppb-builder-addons\">\n\t\t\t\t\t\t\t\t\t\t\t\t<div class='wppb-builder-addon wppb-addon-1646503247013'  data-addon-id='1646503247013'><div class='wppb-addon'><div class=\"wppb-image-addon\"><figure class=\"wppb-image-addon-content-wrap\"><div class=\"wppb-image-addon-content wppb-imginlineblock\"><img decoding=\"async\" class=\"wppb-image-addon-img\" src=\"https:\/\/unemainpoursoi.fr\/wp-content\/uploads\/2022\/03\/water-1632785__480.webp\" alt=\"Image\"><\/div><\/figure><\/div><\/div><\/div>                                            <\/div>\n                                        <\/div>\n                                    <\/div>\n\t\t\t\t\t\t\t\t\t                                    <div  class=\"wppb-column-parent wppb-column-parent-view wppb-col-1646503247014  \"  >\n                                        <div class=\"wppb-column\">\n\t\t\t\t\t\n\t\t\t\t\t\t\t\t\t\t\t\n                                            <div class=\"wppb-builder-addons\">\n\t\t\t\t\t\t\t\t\t\t\t\t<div class='wppb-builder-addon wppb-addon-1646503247015'  data-addon-id='1646503247015'><div class='wppb-addon'><div class=\"wppb-feature-box-addon\"><div class=\"wppb-feature-box-content\"><h1 class=\"wppb-feature-box-title\">La technique<\/h1><h1 class=\"wppb-feature-box-subtitle\">du verre d'eau<\/h1><div class=\"wppb-feature-box-intro\">C'est une technique de d\u00e9blocage des situations. Nous n\u00e9gligeons, trop souvent, le pouvoir de l'eau.<\/div><a target=_self href=\"https:\/\/unemainpoursoi.fr\/index.php\/la-technique-du-verre-deau\/\"  class=\"wppb-btn-addons \"><span>Lire<\/span><\/a><\/div><\/div><\/div><\/div>                                            <\/div>\n                                        <\/div>\n                                    <\/div>\n\t\t\t\t\t\t\t\t\t                        <\/div>\n\n                    <\/div>\n                <\/div>\n\t\t\t\t                <div  class=\"wppb-row-parent \"  >\n\t\t\t\t\t\n\t\t\t\t\t\t\t\t\t\t\n\t\t\t\t\t\t\t\t\t\t\n\t\t\t\t\t<div class=\"wppb-container  wppb-row-1646503247292  wppb-container-row-default\">\n\t\t\t\t\t\t\t\t\t\t\t\t\t\n                        <div class=\"wppb-row\">\n\t\t\t\t\t\t\t                                    <div  class=\"wppb-column-parent wppb-column-parent-view wppb-col-1646503247293  \"  >\n                                        <div class=\"wppb-column\">\n\t\t\t\t\t\n\t\t\t\t\t\t\t\t\t\t\t\n                                            <div class=\"wppb-builder-addons\">\n\t\t\t\t\t\t\t\t\t\t\t\t<div class='wppb-builder-addon wppb-addon-1646503247294'  data-addon-id='1646503247294'><div class='wppb-addon'><div class=\"wppb-feature-box-addon\"><div class=\"wppb-feature-box-content\"><h3 class=\"wppb-feature-box-title\">Lib\u00e9ration.s<\/h3><h4 class=\"wppb-feature-box-subtitle\">par les \u00c9crits<\/h4><div class=\"wppb-feature-box-intro\">\"Tous ce qui ne s'exprime pas s'imprime\". Les non dits pour telle ou telle raison vont se bloquer dans votre corps et se cristalliser tous comme les \u00e9motions, jusqu\u2019\u00e0 ce que votre corps l'exprime de la fa\u00e7on dont il aura choisit (ex : mal-a-dit, douleurs, \u00e9ruptions cutan\u00e9es, inconfort, stress, angoisses, ....). L'\u00e9criture est l'une parmi de nombreuses fa\u00e7ons d'exprimer ce que l'on souhaite, ressent ou garde en nous.<\/div><a target=_blank href=\"https:\/\/unemainpoursoi.fr\/index.php\/liberationspar-les-ecrits\/\"  class=\"wppb-btn-addons \"><span>Lire<\/span><\/a><\/div><\/div><\/div><\/div>                                            <\/div>\n                                        <\/div>\n                                    <\/div>\n\t\t\t\t\t\t\t\t\t                                    <div  class=\"wppb-column-parent wppb-column-parent-view wppb-col-1646503247295  \"  >\n                                        <div class=\"wppb-column\">\n\t\t\t\t\t\n\t\t\t\t\t\t\t\t\t\t\t\n                                            <div class=\"wppb-builder-addons\">\n\t\t\t\t\t\t\t\t\t\t\t\t<div class='wppb-builder-addon wppb-addon-1646503247296'  data-addon-id='1646503247296'><div class='wppb-addon'><div class=\"wppb-image-addon\"><figure class=\"wppb-image-addon-content-wrap\"><div class=\"wppb-image-addon-content wppb-imginlineblock\"><img decoding=\"async\" class=\"wppb-image-addon-img\" src=\"https:\/\/unemainpoursoi.fr\/wp-content\/uploads\/2022\/03\/letter-1390463__340.webp\" alt=\"Image\"><\/div><\/figure><\/div><\/div><\/div>                                            <\/div>\n                                        <\/div>\n                                    <\/div>\n\t\t\t\t\t\t\t\t\t                        <\/div>\n\n                    <\/div>\n                <\/div>\n\t\t\t\t                <div  class=\"wppb-row-parent \"  >\n\t\t\t\t\t\n\t\t\t\t\t\t\t\t\t\t\n\t\t\t\t\t\t\t\t\t\t\n\t\t\t\t\t<div class=\"wppb-container  wppb-row-1651171514836  wppb-container-row-default\">\n\t\t\t\t\t\t\t\t\t\t\t\t\t\n                        <div class=\"wppb-row\">\n\t\t\t\t\t\t\t                                    <div  class=\"wppb-column-parent wppb-column-parent-view wppb-col-1651171514837  \"  >\n                                        <div class=\"wppb-column\">\n\t\t\t\t\t\n\t\t\t\t\t\t\t\t\t\t\t\n                                            <div class=\"wppb-builder-addons\">\n\t\t\t\t\t\t\t\t\t\t\t\t<div class='wppb-builder-addon wppb-addon-1651171514838'  data-addon-id='1651171514838'><div class='wppb-addon'><div class=\"wppb-image-addon\"><figure class=\"wppb-image-addon-content-wrap\"><div class=\"wppb-image-addon-content wppb-imginlineblock\"><img decoding=\"async\" class=\"wppb-image-addon-img\" src=\"https:\/\/unemainpoursoi.fr\/wp-content\/uploads\/2022\/04\/library-425730__340.webp\" alt=\"Image\"><\/div><\/figure><\/div><\/div><\/div>                                            <\/div>\n                                        <\/div>\n                                    <\/div>\n\t\t\t\t\t\t\t\t\t                                    <div  class=\"wppb-column-parent wppb-column-parent-view wppb-col-1651171514839  \"  >\n                                        <div class=\"wppb-column\">\n\t\t\t\t\t\n\t\t\t\t\t\t\t\t\t\t\t\n                                            <div class=\"wppb-builder-addons\">\n\t\t\t\t\t\t\t\t\t\t\t\t<div class='wppb-builder-addon wppb-addon-1651171514840'  data-addon-id='1651171514840'><div class='wppb-addon'><div class=\"wppb-feature-box-addon\"><div class=\"wppb-feature-box-content\"><h1 class=\"wppb-feature-box-title\">Ho'oponopono<\/h1><h1 class=\"wppb-feature-box-subtitle\">Lib\u00e9ration hawa\u00efenne<\/h1><div class=\"wppb-feature-box-intro\">Il s'agit d'un rituel Hawa\u00efen pratiquer par les guerisseurs des tribus depuis des si\u00e8cles. Gr\u00e2ce \u00e0 cette technique ancestrale, vous avez la possibilit\u00e9 de vous offrir une lib\u00e9ration puissante et simple.<\/div><a target=_blank href=\"https:\/\/unemainpoursoi.fr\/index.php\/hooponopono\/\"  class=\"wppb-btn-addons \"><span>Lire<\/span><\/a><\/div><\/div><\/div><\/div>                                            <\/div>\n                                        <\/div>\n                                    <\/div>\n\t\t\t\t\t\t\t\t\t                        <\/div>\n\n                    <\/div>\n                <\/div>\n\t\t\t\t                <div  class=\"wppb-row-parent \"  >\n\t\t\t\t\t\n\t\t\t\t\t\t\t\t\t\t\n\t\t\t\t\t\t\t\t\t\t\n\t\t\t\t\t<div class=\"wppb-container  wppb-row-1646503245330  wppb-container-row-default\">\n\t\t\t\t\t\t\t\t\t\t\t\t\t\n                        <div class=\"wppb-row\">\n\t\t\t\t\t\t\t                                    <div  class=\"wppb-column-parent wppb-column-parent-view wppb-col-1646503245331  \"  >\n                                        <div class=\"wppb-column\">\n\t\t\t\t\t\n\t\t\t\t\t\t\t\t\t\t\t\n                                            <div class=\"wppb-builder-addons\">\n\t\t\t\t\t\t\t\t\t\t\t\t<div class='wppb-builder-addon wppb-addon-1646503245332'  data-addon-id='1646503245332'><div class='wppb-addon'><div class=\"wppb-feature-box-addon\"><div class=\"wppb-feature-box-content\"><div class=\"wppb-feature-box-icon\"><i class=\"fas fa-phone-volume\"><\/i><\/div><h4 class=\"wppb-feature-box-title\">T\u00e9l\u00e9phone<\/h4><h4 class=\"wppb-feature-box-subtitle\">06-37-69-15-70<\/h4><\/div><\/div><\/div><\/div>                                            <\/div>\n                                        <\/div>\n                                    <\/div>\n\t\t\t\t\t\t\t\t\t                                    <div  class=\"wppb-column-parent wppb-column-parent-view wppb-col-1646503245333  \"  >\n                                        <div class=\"wppb-column\">\n\t\t\t\t\t\n\t\t\t\t\t\t\t\t\t\t\t\n                                            <div class=\"wppb-builder-addons\">\n\t\t\t\t\t\t\t\t\t\t\t\t                                            <\/div>\n                                        <\/div>\n                                    <\/div>\n\t\t\t\t\t\t\t\t\t                                    <div  class=\"wppb-column-parent wppb-column-parent-view wppb-col-1646503245335  \"  >\n                                        <div class=\"wppb-column\">\n\t\t\t\t\t\n\t\t\t\t\t\t\t\t\t\t\t\n                                            <div class=\"wppb-builder-addons\">\n\t\t\t\t\t\t\t\t\t\t\t\t<div class='wppb-builder-addon wppb-addon-1646503245336'  data-addon-id='1646503245336'><div class='wppb-addon'><div class=\"wppb-feature-box-addon\"><div class=\"wppb-feature-box-content\"><div class=\"wppb-feature-box-icon\"><i class=\"wppb-font-envelop-open\"><\/i><\/div><h4 class=\"wppb-feature-box-title\">EMail<\/h4><h4 class=\"wppb-feature-box-subtitle\">contact@unemainpoursoi.fr<\/h4><\/div><\/div><\/div><\/div>                                            <\/div>\n                                        <\/div>\n                                    <\/div>\n\t\t\t\t\t\t\t\t\t                        <\/div>\n\n                    <\/div>\n                <\/div>\n\t\t\t\t<\/div>","protected":false},"excerpt":{"rendered":"<p>Les outilsa volont\u00e9A mon sens, il est important de pouvoir travailler sur soi et sur ce qui vous \u00ab\u00a0touche\u00a0\u00bb. Voici une petite liste d&rsquo;outils \u00e0 utiliser \u00e0 volont\u00e9 d\u00e8s que vous en ressentez le besoin. Laisser un bien \u00eatre vous envahir au fur et \u00e0 mesure de vos lib\u00e9rations. Ces outils ne remplacent pas une&hellip; <a href=\"https:\/\/unemainpoursoi.fr\/index.php\/les-outils\/\" class=\"more-link\">Lire la suite <span class=\"screen-reader-text\">Les Outils<\/span><\/a><\/p>\n","protected":false},"author":1,"featured_media":0,"parent":0,"menu_order":0,"comment_status":"closed","ping_status":"closed","template":"","meta":{"footnotes":""},"class_list":["post-482","page","type-page","status-publish","hentry","without-featured-image"],"_links":{"self":[{"href":"https:\/\/unemainpoursoi.fr\/index.php\/wp-json\/wp\/v2\/pages\/482","targetHints":{"allow":["GET"]}}],"collection":[{"href":"https:\/\/unemainpoursoi.fr\/index.php\/wp-json\/wp\/v2\/pages"}],"about":[{"href":"https:\/\/unemainpoursoi.fr\/index.php\/wp-json\/wp\/v2\/types\/page"}],"author":[{"embeddable":true,"href":"https:\/\/unemainpoursoi.fr\/index.php\/wp-json\/wp\/v2\/users\/1"}],"replies":[{"embeddable":true,"href":"https:\/\/unemainpoursoi.fr\/index.php\/wp-json\/wp\/v2\/comments?post=482"}],"version-history":[{"count":2,"href":"https:\/\/unemainpoursoi.fr\/index.php\/wp-json\/wp\/v2\/pages\/482\/revisions"}],"predecessor-version":[{"id":500,"href":"https:\/\/unemainpoursoi.fr\/index.php\/wp-json\/wp\/v2\/pages\/482\/revisions\/500"}],"wp:attachment":[{"href":"https:\/\/unemainpoursoi.fr\/index.php\/wp-json\/wp\/v2\/media?parent=482"}],"curies":[{"name":"wp","href":"https:\/\/api.w.org\/{rel}","templated":true}]}}