{"id":502,"date":"2022-03-06T11:08:38","date_gmt":"2022-03-06T10:08:38","guid":{"rendered":"https:\/\/unemainpoursoi.fr\/?page_id=502"},"modified":"2022-03-06T11:08:38","modified_gmt":"2022-03-06T10:08:38","slug":"le-pot-des-compliments","status":"publish","type":"page","link":"https:\/\/unemainpoursoi.fr\/index.php\/le-pot-des-compliments\/","title":{"rendered":"Le Pot Des Compliments"},"content":{"rendered":"<div id=\"wppb-builder-container\" class=\"wppb-builder-container\">                <div  class=\"wppb-row-parent  wppb-row-1646560291010 \"  >\n\t\t\t\t\t\n\t\t\t\t\t\t\t\t\t\t\n\t\t\t\t\t\t\t\t\t\t\n\t\t\t\t\t<div class=\"wppb-container \">\n\t\t\t\t\t\t\t\t\t\t\t\t\t\n                        <div class=\"wppb-row\">\n\t\t\t\t\t\t\t                                    <div  class=\"wppb-column-parent wppb-column-parent-view wppb-col-1646560291009  \"  >\n                                        <div class=\"wppb-column\">\n\t\t\t\t\t\n\t\t\t\t\t\t\t\t\t\t\t\n                                            <div class=\"wppb-builder-addons\">\n\t\t\t\t\t\t\t\t\t\t\t\t<div class='wppb-builder-addon wppb-addon-1646560330254'  data-addon-id='1646560330254'><div class='wppb-addon'><div class=\"wppb-text-block-addon\"><div class=\"wppb-text-block-content 0\"><p>Pour cr\u00e9er votre pot des compliments, vous avez besoin de cr\u00e9er votre propre liste de compliments soit pour vous, pour votre conjoint, votre ami(e), soit pour offrir. C'est une tr\u00e8s bonne id\u00e9e de cadeau ! Trouver parmi vos affaires ou acheter un joli pot pour mettre les compliments dedans. Le but est de pouvoir en tirer un chaque jour. \u00c9crivez vos compliments, d\u00e9coupez les un \u00e0 un et enroulez les de fa\u00e7on \u00e0 garder secret les \u00e9crits. Vous pouvez les fermer avec un point de colle type stylo de colle chauff\u00e9 ou avec de la p\u00e2te \u00e0 fixe ou du ruban pour \u00e9viter qu'ils se d\u00e9roulent \u00e0 l'int\u00e9rieur du pot. Y a plus qu'\u00e0. Libre court \u00e0 votre imagination et votre instinct.<\/p><\/div><\/div><\/div><\/div>                                            <\/div>\n                                        <\/div>\n                                    <\/div>\n\t\t\t\t\t\t\t\t\t                        <\/div>\n\n                    <\/div>\n                <\/div>\n\t\t\t\t                <div  class=\"wppb-row-parent  wppb-row-1651647730757 \"  >\n\t\t\t\t\t\n\t\t\t\t\t\t\t\t\t\t\n\t\t\t\t\t\t\t\t\t\t\n\t\t\t\t\t<div class=\"wppb-container \">\n\t\t\t\t\t\t\t\t\t\t\t\t\t\n                        <div class=\"wppb-row\">\n\t\t\t\t\t\t\t                                    <div  class=\"wppb-column-parent wppb-column-parent-view wppb-col-1651647730756  \"  >\n                                        <div class=\"wppb-column\">\n\t\t\t\t\t\n\t\t\t\t\t\t\t\t\t\t\t\n                                            <div class=\"wppb-builder-addons\">\n\t\t\t\t\t\t\t\t\t\t\t\t<div class='wppb-builder-addon wppb-addon-1651648017938'  data-addon-id='1651648017938'><div class='wppb-addon'><div class=\"wppb-text-block-addon\"><div class=\"wppb-text-block-content 0\"><p><a href=\"https:\/\/unemainpoursoi.fr\/wp-content\/uploads\/2022\/05\/Liste-de.pdf\">https:\/\/unemainpoursoi.fr\/wp-content\/uploads\/2022\/05\/Liste-de.pdf<\/a><\/p><\/div><\/div><\/div><\/div>                                            <\/div>\n                                        <\/div>\n                                    <\/div>\n\t\t\t\t\t\t\t\t\t                        <\/div>\n\n                    <\/div>\n                <\/div>\n\t\t\t\t                <div  class=\"wppb-row-parent  wppb-row-1646560292271 \"  >\n\t\t\t\t\t\n\t\t\t\t\t\t\t\t\t\t\n\t\t\t\t\t\t\t\t\t\t\n\t\t\t\t\t<div class=\"wppb-container \">\n\t\t\t\t\t\t\t\t\t\t\t\t\t\n                        <div class=\"wppb-row\">\n\t\t\t\t\t\t\t                                    <div  class=\"wppb-column-parent wppb-column-parent-view wppb-col-1646560292269  \"  >\n                                        <div class=\"wppb-column\">\n\t\t\t\t\t\n\t\t\t\t\t\t\t\t\t\t\t\n                                            <div class=\"wppb-builder-addons\">\n\t\t\t\t\t\t\t\t\t\t\t\t<div class='wppb-builder-addon wppb-addon-1646560725094'  data-addon-id='1646560725094'><div class='wppb-addon'><div class=\"wppb-image-addon\"><figure class=\"wppb-image-addon-content-wrap\"><div class=\"wppb-image-addon-content wppb-imginlineblock\"><img decoding=\"async\" class=\"wppb-image-addon-img\" src=\"https:\/\/unemainpoursoi.fr\/wp-content\/uploads\/2022\/03\/istockphoto-1150919963-170667a.jpg\" alt=\"Image\"><\/div><figcaption class=\"wppb-addon-image-caption\">Pourquoi mettre un petit cadeau \u00e0 l&#039;int\u00e9rieur selon vos envies....<\/figcaption><\/figure><\/div><\/div><\/div>                                            <\/div>\n                                        <\/div>\n                                    <\/div>\n\t\t\t\t\t\t\t\t\t                                    <div  class=\"wppb-column-parent wppb-column-parent-view wppb-col-1646560292270  \"  >\n                                        <div class=\"wppb-column\">\n\t\t\t\t\t\n\t\t\t\t\t\t\t\t\t\t\t\n                                            <div class=\"wppb-builder-addons\">\n\t\t\t\t\t\t\t\t\t\t\t\t<div class='wppb-builder-addon wppb-addon-1646560747358'  data-addon-id='1646560747358'><div class='wppb-addon'><div class=\"wppb-text-block-addon\"><div class=\"wppb-text-block-content 0\"><p>Pourquoi ? Quand ?<\/p><p>D\u00e9s que vous en ressentez le besoin, d\u00e9s que vos \u00e9nergies sont basses, d\u00e9s que vous n'avancez plus, manquez de confiance, etc... d\u00e9s que vous voulez.<\/p><p>Nos cellules naissent et meurent en 21 jours. C'est pourquoi, il est important de le faire au minimum sur 21 jours. Cela sert \u00e0 r\u00e9informer vos cellulles qui se sont inform\u00e9es avec des \u00e9nergies ou \u00e9v\u00e9nements n\u00e9gatifs. Libre \u00e0 vous de le cr\u00e9er pour plus longtemps et ce ne sera que plus b\u00e9n\u00e9fique pour vous et vos cellules. Beaucoup de pratiques en m\u00e9decines douces travaillent sur un minima 21 jours, c'est le cas de la Kin\u00e9siologie, le Lahochi, l'EFT, et bien d'autres pratiques.<\/p><\/div><\/div><\/div><\/div>                                            <\/div>\n                                        <\/div>\n                                    <\/div>\n\t\t\t\t\t\t\t\t\t                        <\/div>\n\n                    <\/div>\n                <\/div>\n\t\t\t\t                <div  class=\"wppb-row-parent  wppb-row-1646560293517 \"  >\n\t\t\t\t\t\n\t\t\t\t\t\t\t\t\t\t\n\t\t\t\t\t\t\t\t\t\t\n\t\t\t\t\t<div class=\"wppb-container \">\n\t\t\t\t\t\t\t\t\t\t\t\t\t\n                        <div class=\"wppb-row\">\n\t\t\t\t\t\t\t                                    <div  class=\"wppb-column-parent wppb-column-parent-view wppb-col-1646560293516  \"  >\n                                        <div class=\"wppb-column\">\n\t\t\t\t\t\n\t\t\t\t\t\t\t\t\t\t\t\n                                            <div class=\"wppb-builder-addons\">\n\t\t\t\t\t\t\t\t\t\t\t\t<div class='wppb-builder-addon wppb-addon-1646561130339'  data-addon-id='1646561130339'><div class='wppb-addon'><div class=\"wppb-image-addon\"><figure class=\"wppb-image-addon-content-wrap\"><div class=\"wppb-image-addon-content wppb-imginlineblock\"><img decoding=\"async\" class=\"wppb-image-addon-img\" src=\"https:\/\/unemainpoursoi.fr\/wp-content\/uploads\/2022\/03\/istockphoto-484655617-170667a.jpg\" alt=\"Image\"><\/div><figcaption class=\"wppb-addon-image-caption\">Belles Lib\u00e9ration !!!<\/figcaption><\/figure><\/div><\/div><\/div>                                            <\/div>\n                                        <\/div>\n                                    <\/div>\n\t\t\t\t\t\t\t\t\t                        <\/div>\n\n                    <\/div>\n                <\/div>\n\t\t\t\t<\/div>","protected":false},"excerpt":{"rendered":"<p>Pour cr\u00e9er votre pot des compliments, vous avez besoin de cr\u00e9er votre propre liste de compliments soit pour vous, pour votre conjoint, votre ami(e), soit pour offrir. C&rsquo;est une tr\u00e8s bonne id\u00e9e de cadeau ! Trouver parmi vos affaires ou acheter un joli pot pour mettre les compliments dedans. Le but est de pouvoir en&hellip; <a href=\"https:\/\/unemainpoursoi.fr\/index.php\/le-pot-des-compliments\/\" class=\"more-link\">Lire la suite <span class=\"screen-reader-text\">Le Pot Des Compliments<\/span><\/a><\/p>\n","protected":false},"author":1,"featured_media":0,"parent":0,"menu_order":0,"comment_status":"closed","ping_status":"closed","template":"","meta":{"footnotes":""},"class_list":["post-502","page","type-page","status-publish","hentry","without-featured-image"],"_links":{"self":[{"href":"https:\/\/unemainpoursoi.fr\/index.php\/wp-json\/wp\/v2\/pages\/502","targetHints":{"allow":["GET"]}}],"collection":[{"href":"https:\/\/unemainpoursoi.fr\/index.php\/wp-json\/wp\/v2\/pages"}],"about":[{"href":"https:\/\/unemainpoursoi.fr\/index.php\/wp-json\/wp\/v2\/types\/page"}],"author":[{"embeddable":true,"href":"https:\/\/unemainpoursoi.fr\/index.php\/wp-json\/wp\/v2\/users\/1"}],"replies":[{"embeddable":true,"href":"https:\/\/unemainpoursoi.fr\/index.php\/wp-json\/wp\/v2\/comments?post=502"}],"version-history":[{"count":2,"href":"https:\/\/unemainpoursoi.fr\/index.php\/wp-json\/wp\/v2\/pages\/502\/revisions"}],"predecessor-version":[{"id":504,"href":"https:\/\/unemainpoursoi.fr\/index.php\/wp-json\/wp\/v2\/pages\/502\/revisions\/504"}],"wp:attachment":[{"href":"https:\/\/unemainpoursoi.fr\/index.php\/wp-json\/wp\/v2\/media?parent=502"}],"curies":[{"name":"wp","href":"https:\/\/api.w.org\/{rel}","templated":true}]}}