{"id":717,"date":"2023-01-25T10:47:12","date_gmt":"2023-01-25T09:47:12","guid":{"rendered":"https:\/\/unemainpoursoi.fr\/?page_id=717"},"modified":"2023-01-25T10:47:13","modified_gmt":"2023-01-25T09:47:13","slug":"les-soins-energetiques","status":"publish","type":"page","link":"https:\/\/unemainpoursoi.fr\/index.php\/les-soins-energetiques\/","title":{"rendered":"Les Soins \u00c9nerg\u00e9tiques"},"content":{"rendered":"<div id=\"wppb-builder-container\" class=\"wppb-builder-container\">                <div  class=\"wppb-row-parent \"  >\n\t\t\t\t\t\n\t\t\t\t\t\t\t\t\t\t\n\t\t\t\t\t\t\t\t\t\t\n\t\t\t\t\t<div class=\"wppb-container  wppb-row-1674640036836  wppb-container-row-default\">\n\t\t\t\t\t\t\t\t\t\t\t\t\t\n                        <div class=\"wppb-row\">\n\t\t\t\t\t\t\t                                    <div  class=\"wppb-column-parent wppb-column-parent-view wppb-col-1674640036837  \"  >\n                                        <div class=\"wppb-column\">\n\t\t\t\t\t\n\t\t\t\t\t\t\t\t\t\t\t\n                                            <div class=\"wppb-builder-addons\">\n\t\t\t\t\t\t\t\t\t\t\t\t<div class='wppb-builder-addon wppb-addon-1674640036838'  data-addon-id='1674640036838'><div class='wppb-addon'><div class=\"wppb-feature-box-addon\"><div class=\"wppb-feature-box-content\"><h3 class=\"wppb-feature-box-title\">Les Soins \u00c9nerg\u00e9tiques<\/h3><h4 class=\"wppb-feature-box-subtitle\">C'est quoi ?<\/h4><div class=\"wppb-feature-box-intro\">L'\u00e9nergie est \u00e0 la base de la cr\u00e9ation de tous, sans \u00e9nergie rien n'existerait. Votre corps fonctionne avec de l'\u00e9nergie et je ne parle pas de celle qui nous fait bouger, je parle de celle essentielle, tous comme le soleil pour les plantes.<\/div><\/div><\/div><\/div><\/div>                                            <\/div>\n                                        <\/div>\n                                    <\/div>\n\t\t\t\t\t\t\t\t\t                                    <div  class=\"wppb-column-parent wppb-column-parent-view wppb-col-1674640036839  \"  >\n                                        <div class=\"wppb-column\">\n\t\t\t\t\t\n\t\t\t\t\t\t\t\t\t\t\t\n                                            <div class=\"wppb-builder-addons\">\n\t\t\t\t\t\t\t\t\t\t\t\t<div class='wppb-builder-addon wppb-addon-1674640036840'  data-addon-id='1674640036840'><div class='wppb-addon'><div class=\"wppb-image-addon\"><figure class=\"wppb-image-addon-content-wrap\"><div class=\"wppb-image-addon-content wppb-imginlineblock\"><img decoding=\"async\" class=\"wppb-image-addon-img\" src=\"https:\/\/unemainpoursoi.fr\/wp-content\/uploads\/2022\/02\/microgen181000219.jpg\" alt=\"Image\"><\/div><\/figure><\/div><\/div><\/div>                                            <\/div>\n                                        <\/div>\n                                    <\/div>\n\t\t\t\t\t\t\t\t\t                        <\/div>\n\n                    <\/div>\n                <\/div>\n\t\t\t\t                <div  class=\"wppb-row-parent  wppb-row-1674640036818 \"  >\n\t\t\t\t\t\n\t\t\t\t\t\t\t\t\t\t\n\t\t\t\t\t\t\t\t\t\t\n\t\t\t\t\t<div class=\"wppb-container \">\n\t\t\t\t\t\t\t\t\t\t\t\t\t\n                        <div class=\"wppb-row\">\n\t\t\t\t\t\t\t                                    <div  class=\"wppb-column-parent wppb-column-parent-view wppb-col-1674640036819  \"  >\n                                        <div class=\"wppb-column\">\n\t\t\t\t\t\n\t\t\t\t\t\t\t\t\t\t\t\n                                            <div class=\"wppb-builder-addons\">\n\t\t\t\t\t\t\t\t\t\t\t\t                                            <\/div>\n                                        <\/div>\n                                    <\/div>\n\t\t\t\t\t\t\t\t\t                        <\/div>\n\n                    <\/div>\n                <\/div>\n\t\t\t\t                <div  class=\"wppb-row-parent \"  >\n\t\t\t\t\t\n\t\t\t\t\t\t\t\t\t\t\n\t\t\t\t\t\t\t\t\t\t\n\t\t\t\t\t<div class=\"wppb-container  wppb-row-1674640036831  wppb-container-row-default\">\n\t\t\t\t\t\t\t\t\t\t\t\t\t\n                        <div class=\"wppb-row\">\n\t\t\t\t\t\t\t                                    <div  class=\"wppb-column-parent wppb-column-parent-view wppb-col-1674640036832  \"  >\n                                        <div class=\"wppb-column\">\n\t\t\t\t\t\n\t\t\t\t\t\t\t\t\t\t\t\n                                            <div class=\"wppb-builder-addons\">\n\t\t\t\t\t\t\t\t\t\t\t\t<div class='wppb-builder-addon wppb-addon-1674640042033'  data-addon-id='1674640042033'><div class='wppb-addon'><div class=\"wppb-image-addon\"><figure class=\"wppb-image-addon-content-wrap\"><div class=\"wppb-image-addon-content wppb-imginlineblock\"><img decoding=\"async\" class=\"wppb-image-addon-img\" src=\"https:\/\/unemainpoursoi.fr\/wp-content\/uploads\/2023\/01\/cry-2764843__480.jpg\" alt=\"Image\"><\/div><\/figure><\/div><\/div><\/div>                                            <\/div>\n                                        <\/div>\n                                    <\/div>\n\t\t\t\t\t\t\t\t\t                                    <div  class=\"wppb-column-parent wppb-column-parent-view wppb-col-1674640036834  \"  >\n                                        <div class=\"wppb-column\">\n\t\t\t\t\t\n\t\t\t\t\t\t\t\t\t\t\t\n                                            <div class=\"wppb-builder-addons\">\n\t\t\t\t\t\t\t\t\t\t\t\t<div class='wppb-builder-addon wppb-addon-1674640036835'  data-addon-id='1674640036835'><div class='wppb-addon'><div class=\"wppb-feature-box-addon\"><div class=\"wppb-feature-box-content\"><h3 class=\"wppb-feature-box-title\">Quand ? Pour Qui ?<\/h3><h4 class=\"wppb-feature-box-subtitle\">En Ai je besoin ?<\/h4><div class=\"wppb-feature-box-intro\">Pour vous ou vos compagnons, de tous \u00e2ge, d\u00e8s que vous n'\u00eates pas au top, que vous manquez de concentration, que vous soyez \" \u00e0 c\u00f4t\u00e9 de vos pompes\", mal dans votre corps, non align\u00e9, non ancr\u00e9, des douleurs inexpliqu\u00e9es, etc... d\u00e8s que vous en ressentez le besoin.<\/div><\/div><\/div><\/div><\/div>                                            <\/div>\n                                        <\/div>\n                                    <\/div>\n\t\t\t\t\t\t\t\t\t                        <\/div>\n\n                    <\/div>\n                <\/div>\n\t\t\t\t                <div  class=\"wppb-row-parent  wppb-row-1674640041646 \"  >\n\t\t\t\t\t\n\t\t\t\t\t\t\t\t\t\t\n\t\t\t\t\t\t\t\t\t\t\n\t\t\t\t\t<div class=\"wppb-container \">\n\t\t\t\t\t\t\t\t\t\t\t\t\t\n                        <div class=\"wppb-row\">\n\t\t\t\t\t\t\t                                    <div  class=\"wppb-column-parent wppb-column-parent-view wppb-col-1674640041645  \"  >\n                                        <div class=\"wppb-column\">\n\t\t\t\t\t\n\t\t\t\t\t\t\t\t\t\t\t\n                                            <div class=\"wppb-builder-addons\">\n\t\t\t\t\t\t\t\t\t\t\t\t                                            <\/div>\n                                        <\/div>\n                                    <\/div>\n\t\t\t\t\t\t\t\t\t                        <\/div>\n\n                    <\/div>\n                <\/div>\n\t\t\t\t                <div  class=\"wppb-row-parent \"  >\n\t\t\t\t\t\n\t\t\t\t\t\t\t\t\t\t\n\t\t\t\t\t\t\t\t\t\t\n\t\t\t\t\t<div class=\"wppb-container  wppb-row-1674640041640  wppb-container-row-default\">\n\t\t\t\t\t\t\t\t\t\t\t\t\t\n                        <div class=\"wppb-row\">\n\t\t\t\t\t\t\t                                    <div  class=\"wppb-column-parent wppb-column-parent-view wppb-col-1674640041641  \"  >\n                                        <div class=\"wppb-column\">\n\t\t\t\t\t\n\t\t\t\t\t\t\t\t\t\t\t\n                                            <div class=\"wppb-builder-addons\">\n\t\t\t\t\t\t\t\t\t\t\t\t<div class='wppb-builder-addon wppb-addon-1674640041642'  data-addon-id='1674640041642'><div class='wppb-addon'><div class=\"wppb-feature-box-addon\"><div class=\"wppb-feature-box-content\"><h3 class=\"wppb-feature-box-title\">A distance ou<\/h3><h4 class=\"wppb-feature-box-subtitle\">en pr\u00e9sentiel<\/h4><div class=\"wppb-feature-box-intro\">Je vous propose votre soin \u00e9nerg\u00e9tique soit \u00e0 distance soit en pr\u00e9sentiel. - A distance : Cr\u00e9er un moment pour vous lors de ce soin, remerciez vous de vous offrir une pause bien \u00eatre, mettez de l'encens, des bougies, une musique relaxante, prenez un bain, lisez un livre, au calme entre d\u00e9tente et relaxation, assurez vous de ne pas \u00eatre d\u00e9rang\u00e9 pendant 1h 1h30 et laissez moi faire. Pour ce faire, lors de la prise de RDV, quelques renseignements seront n\u00e9cessaire au pr\u00e9alable ainsi que quelques photos. Une fois le soin termin\u00e9, un \u00e9change t\u00e9l\u00e9phonique cl\u00f4turera mon intervention. - En pr\u00e9sentiel : Prenez RDV au cabinet, un \u00e9change avant la s\u00e9ance aura lieu, allongez habill\u00e9 sur ma table de soin, laissez vous portez par l'encens, les bougies et la musique pour atteindre un \u00e9tat de relaxation optimum et laissez moi faire le reste. Profitez de ce moment que vous vous permettez et je m'occupe du reste.<\/div><\/div><\/div><\/div><\/div>                                            <\/div>\n                                        <\/div>\n                                    <\/div>\n\t\t\t\t\t\t\t\t\t                                    <div  class=\"wppb-column-parent wppb-column-parent-view wppb-col-1674640041643  \"  >\n                                        <div class=\"wppb-column\">\n\t\t\t\t\t\n\t\t\t\t\t\t\t\t\t\t\t\n                                            <div class=\"wppb-builder-addons\">\n\t\t\t\t\t\t\t\t\t\t\t\t<div class='wppb-builder-addon wppb-addon-1674640041644'  data-addon-id='1674640041644'><div class='wppb-addon'><div class=\"wppb-image-addon\"><figure class=\"wppb-image-addon-content-wrap\"><div class=\"wppb-image-addon-content wppb-imginlineblock\"><img decoding=\"async\" class=\"wppb-image-addon-img\" src=\"https:\/\/unemainpoursoi.fr\/wp-content\/uploads\/2023\/02\/meditation-1384758__340.jpg\" alt=\"Image\"><\/div><\/figure><\/div><\/div><\/div>                                            <\/div>\n                                        <\/div>\n                                    <\/div>\n\t\t\t\t\t\t\t\t\t                        <\/div>\n\n                    <\/div>\n                <\/div>\n\t\t\t\t                <div  class=\"wppb-row-parent  wppb-row-1674640036841 \"  >\n\t\t\t\t\t\n\t\t\t\t\t\t\t\t\t\t\n\t\t\t\t\t\t\t\t\t\t\n\t\t\t\t\t<div class=\"wppb-container \">\n\t\t\t\t\t\t\t\t\t\t\t\t\t\n                        <div class=\"wppb-row\">\n\t\t\t\t\t\t\t                                    <div  class=\"wppb-column-parent wppb-column-parent-view wppb-col-1674640036842  \"  >\n                                        <div class=\"wppb-column\">\n\t\t\t\t\t\n\t\t\t\t\t\t\t\t\t\t\t\n                                            <div class=\"wppb-builder-addons\">\n\t\t\t\t\t\t\t\t\t\t\t\t<div class='wppb-builder-addon wppb-addon-1674640036843 wppb-wow zoomIn'  data-wow-delay='2447ms'  data-wow-duration='5068ms'  data-addon-id='1674640036843'><div class='wppb-addon'><div class=\"wppb-headline-addon\"><div class=\"wppb-headline-content\"><h2 class=\"wppb-addon-title\">Etes vous pr\u00eat.e \u00e0 prendre soin de vous, de votre compagnon?<\/h2><\/div><\/div><\/div><\/div><div class='wppb-builder-addon wppb-addon-1674640036845'  data-addon-id='1674640036845'><div class='wppb-addon'><div class=\"wppb-addon wppb-button-addon\"><div class=\"wppb-button-addon-content\"><a  href=\"http:\/\/www.unemainpoursoi.fr\/index.php\/contact\/\" target=_blank class=\"wppb-btn-addons  wppb-btn-custom wppb-btn-rounded wppb-btn-custom wppb-btn-no\"><i class=\"fas fa-check\"><\/i> Je demande un RDV<\/a><\/div><\/div><\/div><\/div>            <div  class=\"wppb-row-parent wppb-inner-row-parent wppb-row-1674640036846 \">\n\t\t\t\n\t\t\t\t\t\t\n\t\t\t\t<div class=\"wppb-container\">\n                    <div class=\"wppb-row\">\n\t\t\t\t\t\t                                <div  class=\"wppb-column-parent wppb-column-parent-view wppb-col-1674640036847  \" >\n                                    <div class=\"wppb-column\">\n                                        <div class=\"wppb-builder-addons\">\n\t\t\t\t\t\t\t\t\t\t\t<div  class='wppb-builder-addon wppb-addon-1674640036848   '   ><div class='wppb-inner_addon'><div class=\"wppb-image-addon\"><figure class=\"wppb-image-addon-content-wrap\"><div class=\"wppb-image-addon-content wppb-imginlineblock\"><img decoding=\"async\" class=\"wppb-image-addon-img\" src=\"https:\/\/unemainpoursoi.fr\/wp-content\/uploads\/2023\/02\/calendar-2618814__340.jpg\" alt=\"Image\"><\/div><\/figure><\/div><\/div><\/div>                                        <\/div>\n                                    <\/div>\n                                <\/div>\n\t\t\t\t\t\t\t\t                    <\/div>\n                <\/div>\n            <\/div>\n\t\t\t                                            <\/div>\n                                        <\/div>\n                                    <\/div>\n\t\t\t\t\t\t\t\t\t                        <\/div>\n\n                    <\/div>\n                <\/div>\n\t\t\t\t                <div  class=\"wppb-row-parent \"  >\n\t\t\t\t\t\n\t\t\t\t\t\t\t\t\t\t\n\t\t\t\t\t\t\t\t\t\t\n\t\t\t\t\t<div class=\"wppb-container  wppb-row-1674640036849  wppb-container-row-default\">\n\t\t\t\t\t\t\t\t\t\t\t\t\t\n                        <div class=\"wppb-row\">\n\t\t\t\t\t\t\t                                    <div  class=\"wppb-column-parent wppb-column-parent-view wppb-col-1674640036850  \"  >\n                                        <div class=\"wppb-column\">\n\t\t\t\t\t\n\t\t\t\t\t\t\t\t\t\t\t\n                                            <div class=\"wppb-builder-addons\">\n\t\t\t\t\t\t\t\t\t\t\t\t<div class='wppb-builder-addon wppb-addon-1674640036851'  data-addon-id='1674640036851'><div class='wppb-addon'><div class=\"wppb-feature-box-addon\"><div class=\"wppb-feature-box-content\"><div class=\"wppb-feature-box-icon\"><i class=\"wppb-font-package\"><\/i><\/div><h4 class=\"wppb-feature-box-title\">Call<\/h4><h4 class=\"wppb-feature-box-subtitle\">1-800-123-5678<\/h4><\/div><\/div><\/div><\/div>                                            <\/div>\n                                        <\/div>\n                                    <\/div>\n\t\t\t\t\t\t\t\t\t                                    <div  class=\"wppb-column-parent wppb-column-parent-view wppb-col-1674640036852  \"  >\n                                        <div class=\"wppb-column\">\n\t\t\t\t\t\n\t\t\t\t\t\t\t\t\t\t\t\n                                            <div class=\"wppb-builder-addons\">\n\t\t\t\t\t\t\t\t\t\t\t\t<div class='wppb-builder-addon wppb-addon-1674640036853'  data-addon-id='1674640036853'><div class='wppb-addon'><div class=\"wppb-feature-box-addon\"><div class=\"wppb-feature-box-content\"><div class=\"wppb-feature-box-icon\"><i class=\"wppb-font-envelop-open\"><\/i><\/div><h4 class=\"wppb-feature-box-title\">email<\/h4><h4 class=\"wppb-feature-box-subtitle\">support@decor.com<\/h4><\/div><\/div><\/div><\/div>                                            <\/div>\n                                        <\/div>\n                                    <\/div>\n\t\t\t\t\t\t\t\t\t                                    <div  class=\"wppb-column-parent wppb-column-parent-view wppb-col-1674640036854  \"  >\n                                        <div class=\"wppb-column\">\n\t\t\t\t\t\n\t\t\t\t\t\t\t\t\t\t\t\n                                            <div class=\"wppb-builder-addons\">\n\t\t\t\t\t\t\t\t\t\t\t\t<div class='wppb-builder-addon wppb-addon-1674640036855'  data-addon-id='1674640036855'><div class='wppb-addon'><div class=\"wppb-feature-box-addon\"><div class=\"wppb-feature-box-content\"><div class=\"wppb-feature-box-icon\"><i class=\"wppb-font-map-location\"><\/i><\/div><h4 class=\"wppb-feature-box-title\">Address<\/h4><h4 class=\"wppb-feature-box-subtitle\">Victoria place, CA 3000, USA<\/h4><\/div><\/div><\/div><\/div>                                            <\/div>\n                                        <\/div>\n                                    <\/div>\n\t\t\t\t\t\t\t\t\t                        <\/div>\n\n                    <\/div>\n                <\/div>\n\t\t\t\t<\/div>","protected":false},"excerpt":{"rendered":"<p>Les Soins \u00c9nerg\u00e9tiquesC&rsquo;est quoi ?L&rsquo;\u00e9nergie est \u00e0 la base de la cr\u00e9ation de tous, sans \u00e9nergie rien n&rsquo;existerait. Votre corps fonctionne avec de l&rsquo;\u00e9nergie et je ne parle pas de celle qui nous fait bouger, je parle de celle essentielle, tous comme le soleil pour les plantes. Quand ? Pour Qui ?En Ai je besoin&hellip; <a href=\"https:\/\/unemainpoursoi.fr\/index.php\/les-soins-energetiques\/\" class=\"more-link\">Lire la suite <span class=\"screen-reader-text\">Les Soins \u00c9nerg\u00e9tiques<\/span><\/a><\/p>\n","protected":false},"author":1,"featured_media":0,"parent":0,"menu_order":0,"comment_status":"closed","ping_status":"closed","template":"","meta":{"footnotes":""},"class_list":["post-717","page","type-page","status-publish","hentry","without-featured-image"],"_links":{"self":[{"href":"https:\/\/unemainpoursoi.fr\/index.php\/wp-json\/wp\/v2\/pages\/717","targetHints":{"allow":["GET"]}}],"collection":[{"href":"https:\/\/unemainpoursoi.fr\/index.php\/wp-json\/wp\/v2\/pages"}],"about":[{"href":"https:\/\/unemainpoursoi.fr\/index.php\/wp-json\/wp\/v2\/types\/page"}],"author":[{"embeddable":true,"href":"https:\/\/unemainpoursoi.fr\/index.php\/wp-json\/wp\/v2\/users\/1"}],"replies":[{"embeddable":true,"href":"https:\/\/unemainpoursoi.fr\/index.php\/wp-json\/wp\/v2\/comments?post=717"}],"version-history":[{"count":1,"href":"https:\/\/unemainpoursoi.fr\/index.php\/wp-json\/wp\/v2\/pages\/717\/revisions"}],"predecessor-version":[{"id":718,"href":"https:\/\/unemainpoursoi.fr\/index.php\/wp-json\/wp\/v2\/pages\/717\/revisions\/718"}],"wp:attachment":[{"href":"https:\/\/unemainpoursoi.fr\/index.php\/wp-json\/wp\/v2\/media?parent=717"}],"curies":[{"name":"wp","href":"https:\/\/api.w.org\/{rel}","templated":true}]}}